
{"id":792,"date":"2014-01-21T13:22:03","date_gmt":"2014-01-21T12:22:03","guid":{"rendered":"https:\/\/sciantar.com\/servicii-corporate\/"},"modified":"2014-01-21T13:22:03","modified_gmt":"2014-01-21T12:22:03","slug":"servicii-corporate","status":"publish","type":"page","link":"https:\/\/sciantar.com\/ro\/servicii-corporate\/","title":{"rendered":"Servicii Corporate"},"content":{"rendered":"<p>Firma noastra ofera posibilitatea clientilor de a ac\u021biona \u00een calitate de director de societate prin una dintre companiile noastre partenere. \u00cen conformitate cu legisla\u021bia maltez\u0103, administratorii unei societ\u0103\u021bi sunt r\u0103spunz\u0103toare \u00een mod solidar pentru toate actele companiei.<\/p>\n<p>\u00cen anumite circumstan\u021be, ar putea fi benefic pentru clienti de a avea un director corporative cu sediul \u00een Malta, care va fi u\u0219or accesibil pentru a semna documente \u0219i s\u0103 administreze activitatea zilnica general\u0103 a firmei.<\/p>\n<p>Avand un director corporativ \u00een continuare ajut\u0103 \u00een anonimatul beneficiarilor efectivi, \u0219i \u00een crearea de substan\u021b\u0103 a Companiei maltez\u0103.<\/p>\n<p>Firma noastra ofera, de asemenea, alte servicii corporative, cum ar fi furnizarea de secretar companie corporative care trebuie s\u0103 fie o persoan\u0103 fizic\u0103 \u00een conformitate cu legisla\u021bia maltez\u0103. Oferim, de asemenea, un suport complet de back office<\/p>\n","protected":false},"excerpt":{"rendered":"<p>Firma noastra ofera posibilitatea clientilor de a ac\u021biona \u00een calitate de director de societate prin una dintre companiile noastre partenere. \u00cen conformitate cu legisla\u021bia maltez\u0103, administratorii unei societ\u0103\u021bi sunt r\u0103spunz\u0103toare \u00een mod solidar pentru toate actele companiei. \u00cen anumite circumstan\u021be,<a href='https:\/\/sciantar.com\/ro\/servicii-corporate\/' class='read-more'> [&hellip;]<\/a><\/p>\n","protected":false},"author":3,"featured_media":0,"parent":0,"menu_order":0,"comment_status":"open","ping_status":"open","template":"","meta":{"footnotes":""},"class_list":["post-792","page","type-page","status-publish","hentry"],"yoast_head":"<!-- This site is optimized with the Yoast SEO plugin v27.0 - https:\/\/yoast.com\/product\/yoast-seo-wordpress\/ -->\n<title>Servicii Corporate - S Ciantar<\/title>\n<meta name=\"robots\" content=\"index, follow, max-snippet:-1, max-image-preview:large, max-video-preview:-1\" \/>\n<link rel=\"canonical\" href=\"https:\/\/sciantar.com\/corporate-service-providers\/\" \/>\n<meta property=\"og:locale\" content=\"ro_RO\" \/>\n<meta property=\"og:type\" content=\"article\" \/>\n<meta property=\"og:title\" content=\"Servicii Corporate - S Ciantar\" \/>\n<meta property=\"og:description\" content=\"Firma noastra ofera posibilitatea clientilor de a ac\u021biona \u00een calitate de director de societate prin una dintre companiile noastre partenere. \u00cen conformitate cu legisla\u021bia maltez\u0103, administratorii unei societ\u0103\u021bi sunt r\u0103spunz\u0103toare \u00een mod solidar pentru toate actele companiei. \u00cen anumite circumstan\u021be, [&hellip;]\" \/>\n<meta property=\"og:url\" content=\"https:\/\/sciantar.com\/corporate-service-providers\/\" \/>\n<meta property=\"og:site_name\" content=\"S Ciantar\" \/>\n<meta name=\"twitter:label1\" content=\"Est. reading time\" \/>\n\t<meta name=\"twitter:data1\" content=\"1 minute\" \/>\n<script type=\"application\/ld+json\" class=\"yoast-schema-graph\">{\"@context\":\"https:\/\/schema.org\",\"@graph\":[{\"@type\":\"WebPage\",\"@id\":\"https:\/\/sciantar.com\/corporate-service-providers\/\",\"url\":\"https:\/\/sciantar.com\/corporate-service-providers\/\",\"name\":\"Servicii Corporate - S Ciantar\",\"isPartOf\":{\"@id\":\"https:\/\/sciantar.com\/#website\"},\"datePublished\":\"2014-01-21T12:22:03+00:00\",\"breadcrumb\":{\"@id\":\"https:\/\/sciantar.com\/corporate-service-providers\/#breadcrumb\"},\"inLanguage\":\"ro-RO\",\"potentialAction\":[{\"@type\":\"ReadAction\",\"target\":[\"https:\/\/sciantar.com\/corporate-service-providers\/\"]}]},{\"@type\":\"BreadcrumbList\",\"@id\":\"https:\/\/sciantar.com\/corporate-service-providers\/#breadcrumb\",\"itemListElement\":[{\"@type\":\"ListItem\",\"position\":1,\"name\":\"Home\",\"item\":\"https:\/\/sciantar.com\/\"},{\"@type\":\"ListItem\",\"position\":2,\"name\":\"Servicii Corporate\"}]},{\"@type\":\"WebSite\",\"@id\":\"https:\/\/sciantar.com\/#website\",\"url\":\"https:\/\/sciantar.com\/\",\"name\":\"S Ciantar\",\"description\":\"\",\"potentialAction\":[{\"@type\":\"SearchAction\",\"target\":{\"@type\":\"EntryPoint\",\"urlTemplate\":\"https:\/\/sciantar.com\/?s={search_term_string}\"},\"query-input\":{\"@type\":\"PropertyValueSpecification\",\"valueRequired\":true,\"valueName\":\"search_term_string\"}}],\"inLanguage\":\"ro-RO\"}]}<\/script>\n<!-- \/ Yoast SEO plugin. -->","yoast_head_json":{"title":"Servicii Corporate - S Ciantar","robots":{"index":"index","follow":"follow","max-snippet":"max-snippet:-1","max-image-preview":"max-image-preview:large","max-video-preview":"max-video-preview:-1"},"canonical":"https:\/\/sciantar.com\/corporate-service-providers\/","og_locale":"ro_RO","og_type":"article","og_title":"Servicii Corporate - S Ciantar","og_description":"Firma noastra ofera posibilitatea clientilor de a ac\u021biona \u00een calitate de director de societate prin una dintre companiile noastre partenere. \u00cen conformitate cu legisla\u021bia maltez\u0103, administratorii unei societ\u0103\u021bi sunt r\u0103spunz\u0103toare \u00een mod solidar pentru toate actele companiei. \u00cen anumite circumstan\u021be, [&hellip;]","og_url":"https:\/\/sciantar.com\/corporate-service-providers\/","og_site_name":"S Ciantar","twitter_misc":{"Est. reading time":"1 minute"},"schema":{"@context":"https:\/\/schema.org","@graph":[{"@type":"WebPage","@id":"https:\/\/sciantar.com\/corporate-service-providers\/","url":"https:\/\/sciantar.com\/corporate-service-providers\/","name":"Servicii Corporate - S Ciantar","isPartOf":{"@id":"https:\/\/sciantar.com\/#website"},"datePublished":"2014-01-21T12:22:03+00:00","breadcrumb":{"@id":"https:\/\/sciantar.com\/corporate-service-providers\/#breadcrumb"},"inLanguage":"ro-RO","potentialAction":[{"@type":"ReadAction","target":["https:\/\/sciantar.com\/corporate-service-providers\/"]}]},{"@type":"BreadcrumbList","@id":"https:\/\/sciantar.com\/corporate-service-providers\/#breadcrumb","itemListElement":[{"@type":"ListItem","position":1,"name":"Home","item":"https:\/\/sciantar.com\/"},{"@type":"ListItem","position":2,"name":"Servicii Corporate"}]},{"@type":"WebSite","@id":"https:\/\/sciantar.com\/#website","url":"https:\/\/sciantar.com\/","name":"S Ciantar","description":"","potentialAction":[{"@type":"SearchAction","target":{"@type":"EntryPoint","urlTemplate":"https:\/\/sciantar.com\/?s={search_term_string}"},"query-input":{"@type":"PropertyValueSpecification","valueRequired":true,"valueName":"search_term_string"}}],"inLanguage":"ro-RO"}]}},"jetpack_shortlink":"https:\/\/wp.me\/Pa1oeh-cM","jetpack_sharing_enabled":true,"_links":{"self":[{"href":"https:\/\/sciantar.com\/ro\/wp-json\/wp\/v2\/pages\/792","targetHints":{"allow":["GET"]}}],"collection":[{"href":"https:\/\/sciantar.com\/ro\/wp-json\/wp\/v2\/pages"}],"about":[{"href":"https:\/\/sciantar.com\/ro\/wp-json\/wp\/v2\/types\/page"}],"author":[{"embeddable":true,"href":"https:\/\/sciantar.com\/ro\/wp-json\/wp\/v2\/users\/3"}],"replies":[{"embeddable":true,"href":"https:\/\/sciantar.com\/ro\/wp-json\/wp\/v2\/comments?post=792"}],"version-history":[{"count":0,"href":"https:\/\/sciantar.com\/ro\/wp-json\/wp\/v2\/pages\/792\/revisions"}],"wp:attachment":[{"href":"https:\/\/sciantar.com\/ro\/wp-json\/wp\/v2\/media?parent=792"}],"curies":[{"name":"wp","href":"https:\/\/api.w.org\/{rel}","templated":true}]}}