
{"id":790,"date":"2014-01-21T13:20:13","date_gmt":"2014-01-21T12:20:13","guid":{"rendered":"https:\/\/sciantar.com\/planificare-fiscala-internationala\/"},"modified":"2014-01-21T13:20:13","modified_gmt":"2014-01-21T12:20:13","slug":"planificare-fiscala-internationala","status":"publish","type":"page","link":"https:\/\/sciantar.com\/ro\/planificare-fiscala-internationala\/","title":{"rendered":"Planificare Fiscal\u0103 Interna\u0163ional\u0103"},"content":{"rendered":"<p>\u00cen economia de astazi taxele sunt un factor important de cost caruia trebuie s\u0103 i se acorde o aten\u021bie deosebit\u0103, ideal \u00eenainte de \u00eenceperea afacerii. De prea multe ori ne confrunt\u0103m cu situa\u021bii \u00een care clien\u021bii vin la noi dup\u0103 ce au \u00eenfiin\u021bat toate structurile lor pentru a ii ajuta \u00een diminuarea facturii fiscale, atunci c\u00e2nd ar fi fost mult mai u\u0219or \u0219i mai ieftin, dac\u0103 ar fi venit la noi de la inceput.<\/p>\n<p>\u00cen multe situa\u021bii, cu o planificare atent\u0103, se poate diminua semnificativ factura cuiva total\u0103 de impozitare mai ales \u00een cazurile de afaceri transfrontaliere, precum \u0219i \u00een cazurile de structuri de grup \u00een diferite jurisdic\u021bii.<\/p>\n<p>Firma noastra are peste 25 de ani de experienta in asistarea clientilor realiza \u00a0impozit global pe\u00a0o factura fiscala mai mic\u0103 prin utilizarea regimului fiscal extrem \u00a0favorabil din \u00a0Malta, dar, de asemenea, re\u021beaua noastr\u0103 extins\u0103 de profesionisti in diverse competen\u021be diferite \u00een numeroase jurisdic\u021bii \u0219i continente pe care le-am construit \u00een to\u021bi ace\u0219ti ani. Astfel, ne permit s\u0103 dea clientului un sfat global total nu numai pe perspectiva maltez de orice structur\u0103 fiscal\u0103, dar, de asemenea, cu privire la situa\u021bia lor fiscal\u0103 \u00een \u021bara lor de re\u0219edin\u021b\u0103, precum \u0219i situa\u021bia general\u0103 din fiecare jurisdic\u021bie \u00een care au de g\u00e2nd s\u0103 desf\u0103\u0219oare afaceri .<\/p>\n<p>Prin afilieri noastre \u00een AGN singur International, o asocia\u021bie la nivel mondial de eviden\u021b\u0103 contabil\u0103 separat\u0103 \u0219i independent\u0103 \u0219i firme de consultan\u021b\u0103 reprezentat\u0103 \u00een 92 de \u021b\u0103ri \u0219i 199 de firme membre \u0219i 465 de birouri si peste 10, 000 de angaja\u021bi \u0219i parteneri, v\u0103 putem garanta practic c\u0103 vom fi \u00een m\u0103sur\u0103 s\u0103 v\u0103 dau cel mai bun sfatul taxa pentru orice structur\u0103 interna\u021bional\u0103 ar putea avea sau se g\u00e2ndesc de a \u00eenfiin\u021ba oriunde \u00een lume. Ca s\u0103 nu mai vorbim de toate celelalte re\u021bele noastre de contabili, consilieri financiari, societ\u0103\u021bi de administrare a averii, consilieri fiscali \u0219i, de asemenea, firme juridice specializate \u00een domenii precum diversificat de corporate finance pentru litigii \u0219i fuziuni \u0219i achizi\u021bii.<br \/>\nV\u0103 rug\u0103m s\u0103 nu ezita\u021bi s\u0103 ne contacta\u021bi pentru o consulta\u021bie gratuit\u0103 ini\u021bial\u0103 cu privire la orice probleme legate de impozit cu orice structur\u0103 la nivel mondial s-ar putea avea. Vom face tot posibilul pentru a v\u0103 ajuta sau, cel pu\u021bin te referi la firm\u0103 membr\u0103 a asocia\u021biei noastre sau una din contactele noastre apropiate.<\/p>\n<p><a href=\"https:\/\/sciantar.com\/portfolio-item\/maltas-tax-system-2\/\">Click aici<\/a> pentru a citi mai multe despre modul \u00een care sistemul de impozitare Malta poate fi un beneficiu pentru tine.<\/p>\n<p style=\"text-align: justify;\">\n","protected":false},"excerpt":{"rendered":"<p>\u00cen economia de astazi taxele sunt un factor important de cost caruia trebuie s\u0103 i se acorde o aten\u021bie deosebit\u0103, ideal \u00eenainte de \u00eenceperea afacerii. De prea multe ori ne confrunt\u0103m cu situa\u021bii \u00een care clien\u021bii vin la noi dup\u0103<a href='https:\/\/sciantar.com\/ro\/planificare-fiscala-internationala\/' class='read-more'> [&hellip;]<\/a><\/p>\n","protected":false},"author":3,"featured_media":0,"parent":0,"menu_order":0,"comment_status":"open","ping_status":"open","template":"","meta":{"footnotes":""},"class_list":["post-790","page","type-page","status-publish","hentry"],"yoast_head":"<!-- This site is optimized with the Yoast SEO plugin v27.0 - https:\/\/yoast.com\/product\/yoast-seo-wordpress\/ -->\n<title>Planificare Fiscal\u0103 Interna\u0163ional\u0103 - S Ciantar<\/title>\n<meta name=\"robots\" content=\"index, follow, max-snippet:-1, max-image-preview:large, max-video-preview:-1\" \/>\n<link rel=\"canonical\" href=\"https:\/\/sciantar.com\/international-tax-planning\/\" \/>\n<meta property=\"og:locale\" content=\"ro_RO\" \/>\n<meta property=\"og:type\" content=\"article\" \/>\n<meta property=\"og:title\" content=\"Planificare Fiscal\u0103 Interna\u0163ional\u0103 - S Ciantar\" \/>\n<meta property=\"og:description\" content=\"\u00cen economia de astazi taxele sunt un factor important de cost caruia trebuie s\u0103 i se acorde o aten\u021bie deosebit\u0103, ideal \u00eenainte de \u00eenceperea afacerii. De prea multe ori ne confrunt\u0103m cu situa\u021bii \u00een care clien\u021bii vin la noi dup\u0103 [&hellip;]\" \/>\n<meta property=\"og:url\" content=\"https:\/\/sciantar.com\/international-tax-planning\/\" \/>\n<meta property=\"og:site_name\" content=\"S Ciantar\" \/>\n<meta name=\"twitter:label1\" content=\"Est. reading time\" \/>\n\t<meta name=\"twitter:data1\" content=\"2 minutes\" \/>\n<script type=\"application\/ld+json\" class=\"yoast-schema-graph\">{\"@context\":\"https:\/\/schema.org\",\"@graph\":[{\"@type\":\"WebPage\",\"@id\":\"https:\/\/sciantar.com\/international-tax-planning\/\",\"url\":\"https:\/\/sciantar.com\/international-tax-planning\/\",\"name\":\"Planificare Fiscal\u0103 Interna\u0163ional\u0103 - S Ciantar\",\"isPartOf\":{\"@id\":\"http:\/\/sciantar.com\/#website\"},\"datePublished\":\"2014-01-21T12:20:13+00:00\",\"breadcrumb\":{\"@id\":\"https:\/\/sciantar.com\/international-tax-planning\/#breadcrumb\"},\"inLanguage\":\"ro-RO\",\"potentialAction\":[{\"@type\":\"ReadAction\",\"target\":[\"https:\/\/sciantar.com\/international-tax-planning\/\"]}]},{\"@type\":\"BreadcrumbList\",\"@id\":\"https:\/\/sciantar.com\/international-tax-planning\/#breadcrumb\",\"itemListElement\":[{\"@type\":\"ListItem\",\"position\":1,\"name\":\"Home\",\"item\":\"https:\/\/sciantar.com\/ro\/\"},{\"@type\":\"ListItem\",\"position\":2,\"name\":\"Planificare Fiscal\u0103 Interna\u0163ional\u0103\"}]},{\"@type\":\"WebSite\",\"@id\":\"http:\/\/sciantar.com\/#website\",\"url\":\"http:\/\/sciantar.com\/\",\"name\":\"S Ciantar\",\"description\":\"\",\"potentialAction\":[{\"@type\":\"SearchAction\",\"target\":{\"@type\":\"EntryPoint\",\"urlTemplate\":\"http:\/\/sciantar.com\/?s={search_term_string}\"},\"query-input\":{\"@type\":\"PropertyValueSpecification\",\"valueRequired\":true,\"valueName\":\"search_term_string\"}}],\"inLanguage\":\"ro-RO\"}]}<\/script>\n<!-- \/ Yoast SEO plugin. -->","yoast_head_json":{"title":"Planificare Fiscal\u0103 Interna\u0163ional\u0103 - S Ciantar","robots":{"index":"index","follow":"follow","max-snippet":"max-snippet:-1","max-image-preview":"max-image-preview:large","max-video-preview":"max-video-preview:-1"},"canonical":"https:\/\/sciantar.com\/international-tax-planning\/","og_locale":"ro_RO","og_type":"article","og_title":"Planificare Fiscal\u0103 Interna\u0163ional\u0103 - S Ciantar","og_description":"\u00cen economia de astazi taxele sunt un factor important de cost caruia trebuie s\u0103 i se acorde o aten\u021bie deosebit\u0103, ideal \u00eenainte de \u00eenceperea afacerii. De prea multe ori ne confrunt\u0103m cu situa\u021bii \u00een care clien\u021bii vin la noi dup\u0103 [&hellip;]","og_url":"https:\/\/sciantar.com\/international-tax-planning\/","og_site_name":"S Ciantar","twitter_misc":{"Est. reading time":"2 minutes"},"schema":{"@context":"https:\/\/schema.org","@graph":[{"@type":"WebPage","@id":"https:\/\/sciantar.com\/international-tax-planning\/","url":"https:\/\/sciantar.com\/international-tax-planning\/","name":"Planificare Fiscal\u0103 Interna\u0163ional\u0103 - S Ciantar","isPartOf":{"@id":"http:\/\/sciantar.com\/#website"},"datePublished":"2014-01-21T12:20:13+00:00","breadcrumb":{"@id":"https:\/\/sciantar.com\/international-tax-planning\/#breadcrumb"},"inLanguage":"ro-RO","potentialAction":[{"@type":"ReadAction","target":["https:\/\/sciantar.com\/international-tax-planning\/"]}]},{"@type":"BreadcrumbList","@id":"https:\/\/sciantar.com\/international-tax-planning\/#breadcrumb","itemListElement":[{"@type":"ListItem","position":1,"name":"Home","item":"https:\/\/sciantar.com\/ro\/"},{"@type":"ListItem","position":2,"name":"Planificare Fiscal\u0103 Interna\u0163ional\u0103"}]},{"@type":"WebSite","@id":"http:\/\/sciantar.com\/#website","url":"http:\/\/sciantar.com\/","name":"S Ciantar","description":"","potentialAction":[{"@type":"SearchAction","target":{"@type":"EntryPoint","urlTemplate":"http:\/\/sciantar.com\/?s={search_term_string}"},"query-input":{"@type":"PropertyValueSpecification","valueRequired":true,"valueName":"search_term_string"}}],"inLanguage":"ro-RO"}]}},"jetpack_shortlink":"https:\/\/wp.me\/Pa1oeh-cK","jetpack_sharing_enabled":true,"_links":{"self":[{"href":"https:\/\/sciantar.com\/ro\/wp-json\/wp\/v2\/pages\/790","targetHints":{"allow":["GET"]}}],"collection":[{"href":"https:\/\/sciantar.com\/ro\/wp-json\/wp\/v2\/pages"}],"about":[{"href":"https:\/\/sciantar.com\/ro\/wp-json\/wp\/v2\/types\/page"}],"author":[{"embeddable":true,"href":"https:\/\/sciantar.com\/ro\/wp-json\/wp\/v2\/users\/3"}],"replies":[{"embeddable":true,"href":"https:\/\/sciantar.com\/ro\/wp-json\/wp\/v2\/comments?post=790"}],"version-history":[{"count":0,"href":"https:\/\/sciantar.com\/ro\/wp-json\/wp\/v2\/pages\/790\/revisions"}],"wp:attachment":[{"href":"https:\/\/sciantar.com\/ro\/wp-json\/wp\/v2\/media?parent=790"}],"curies":[{"name":"wp","href":"https:\/\/api.w.org\/{rel}","templated":true}]}}