
{"id":786,"date":"2014-01-21T13:07:23","date_gmt":"2014-01-21T12:07:23","guid":{"rendered":"https:\/\/sciantar.com\/contabilitate-si-audit\/"},"modified":"2014-01-21T13:07:23","modified_gmt":"2014-01-21T12:07:23","slug":"contabilitate-si-audit","status":"publish","type":"page","link":"https:\/\/sciantar.com\/ro\/contabilitate-si-audit\/","title":{"rendered":"Contabilitate si audit"},"content":{"rendered":"<p>Toate companiile din Malta sunt obligate s\u0103 \u00eentocmeasc\u0103 situa\u021bii financiare auditate.<br \/>\nFirma noastra poate oferi acest serviciu pentru toate tipurile de companii.<\/p>\n<p>La Ciantar Associates incurajam clientii nostri pentru a vizualiza procesul de audit ca o oportunitate de a identifica domeniile \u00een care sistemele pot fi \u00eembun\u0103t\u0103\u021bite \u0219i \u00een cazul \u00een care este optimizat eficienta.<\/p>\n<p>Auditurile sunt efectuate \u00een conformitate cu IFRS \u0219i personalul nostru de audit este compus cin persoane calificate si cu experienta.<\/p>\n<p>\u00cen afar\u0103 de audituri financiare vom oferi, de asemenea, de conformitate, audituri opera\u021bionale \u0219i de investiga\u021bie \u00een cazul \u00een care este necesar.<\/p>\n<p><strong>1. Serviciide audit<\/strong><\/p>\n<p>Sciantar Associates auditeaza situatiile financiare individuale si consolidate ale clientilor nostri in conformitate cu Standardele de Audit International si conform normelor elaborate de Camera Auditorilor Financiari din Malta.<\/p>\n<p>Pot exista situatii in care clientii nostri din alte tari doresc ca situatiile financiare sa fie transpuse intr-un format familiar, conform princiipilor de contabilitate si audit din tarile respective. De aceea, Ciantar Associates\u00a0vine in intampinarea acestora prin raportari financiare si transpuneri de situatii financiare, oferindu-le clarificari si informatii aditionale. Din punctul de vedere al auditului intern, Sciantar Associates ofera solutii in scopul optimizarii raportarilor financiare si in vederea reducerii riscului de frauda.<\/p>\n<p>Echipa noastra efectueaza verificari ale sistemelor de contabilitate, analize financiare, studii de tip Due Diligence (investigatii financiare) si ofera consultanta contabila.<\/p>\n<p>Serviciile de audit oferite includ:<\/p>\n<ul>\n<li>Audit intern\u00a0;<\/li>\n<li>Audit financiar .<\/li>\n<\/ul>\n<p><span style=\"text-decoration: underline;\">Auditul intern are drept scop<\/span>: efectuarea verificarii activitatii organizatiei, mai precis respectarea politicilor, programelor si managementului, conform prevederilor legale; evaluarea adecvarii controalelor financiare si nefinanciare dispuse de conducerea societatii, cat si in ce masura sunt aplicate, in scopul cresterii eficientei activitatii economice; evaluarea adecvarii informatiilor financiare si nefinanciare furnizate conducerii entitatii economice, pentru cunoasterea realitatilor din organizatia respectiva; protejarea elementelor patrimoniale bilantiere si extrabilantiere ale organizatiei si identificarea metodelor de prevenire a fraudelor si a pierderilor de orice fel.<\/p>\n<p><span style=\"text-decoration: underline;\">Auditul financiar reprezinta<\/span> activitatea efectuata in vederea exprimarii unei opinii asupra situatiilor financiare sau a unor componente ale acestora, exercitarea altor misiuni de asigurare precum si servicii profesionale potrivit standardelor internationale de audit si altor reglementari adoptate de Camera Auditorilor Financiari din Malta. <span style=\"text-decoration: underline;\">Activitatile specifice in procesul de audit financiar sunt urmatoarele<\/span>: evaluarea sistemului care inregistreaza si proceseaza tranzactiile firmei auditate; evaluarea modului in care informatiile necesare realizarii situatiei financiare anuale pot fi furnizate; evaluarea sistemului de control intern.<\/p>\n<p><strong>2.\u00a0\u00a0Servicii de contabilitate<\/strong><\/p>\n<p>Firma noastra ofera servicii de contabilitate pentru firme din cele mai diverse domenii de activitate, de la firme din industria de fabricare a firmelor\u00a0 pana la firme din industria hotelier\u0103 \u0219i servicii.<\/p>\n<p>Serviciile noastre includ toate nivelurile de contabilitate \u0219i reconcilieri p\u00e2n\u0103 la stadiul de balanta de verificare, precum \u0219i de control al debitorilor, controlul stocurilor etc.<\/p>\n<p>Noi oferim acest serviciu \u00een cas\u0103 pentru companiile mai mici, precum \u0219i la sediul clientului pentru firmele medii sau mari, se poate negocia, de asemenea, un onorariu fix lunar de administrare care poate include\u00a0:\u00a0 contabilitate \u0219i management \u0219i consultan\u021b\u0103 \u00een domeniul fiscal, evit\u00e2ndu-se astfel problemele de personal \u0219i, \u00een acela\u0219i timp asigur\u00e2nd cel mai \u00eenalt nivel de servicii.<\/p>\n","protected":false},"excerpt":{"rendered":"<p>Toate companiile din Malta sunt obligate s\u0103 \u00eentocmeasc\u0103 situa\u021bii financiare auditate. Firma noastra poate oferi acest serviciu pentru toate tipurile de companii. La Ciantar Associates incurajam clientii nostri pentru a vizualiza procesul de audit ca o oportunitate de a identifica<a href='https:\/\/sciantar.com\/ro\/contabilitate-si-audit\/' class='read-more'> [&hellip;]<\/a><\/p>\n","protected":false},"author":3,"featured_media":0,"parent":0,"menu_order":0,"comment_status":"open","ping_status":"open","template":"","meta":{"footnotes":""},"class_list":["post-786","page","type-page","status-publish","hentry"],"yoast_head":"<!-- This site is optimized with the Yoast SEO plugin v27.0 - https:\/\/yoast.com\/product\/yoast-seo-wordpress\/ -->\n<title>Contabilitate si audit - S Ciantar<\/title>\n<meta name=\"robots\" content=\"index, follow, max-snippet:-1, max-image-preview:large, max-video-preview:-1\" \/>\n<link rel=\"canonical\" href=\"https:\/\/sciantar.com\/accountancy-assurance\/\" \/>\n<meta property=\"og:locale\" content=\"ro_RO\" \/>\n<meta property=\"og:type\" content=\"article\" \/>\n<meta property=\"og:title\" content=\"Contabilitate si audit - S Ciantar\" \/>\n<meta property=\"og:description\" content=\"Toate companiile din Malta sunt obligate s\u0103 \u00eentocmeasc\u0103 situa\u021bii financiare auditate. Firma noastra poate oferi acest serviciu pentru toate tipurile de companii. La Ciantar Associates incurajam clientii nostri pentru a vizualiza procesul de audit ca o oportunitate de a identifica [&hellip;]\" \/>\n<meta property=\"og:url\" content=\"https:\/\/sciantar.com\/accountancy-assurance\/\" \/>\n<meta property=\"og:site_name\" content=\"S Ciantar\" \/>\n<meta name=\"twitter:label1\" content=\"Est. reading time\" \/>\n\t<meta name=\"twitter:data1\" content=\"3 minutes\" \/>\n<script type=\"application\/ld+json\" class=\"yoast-schema-graph\">{\"@context\":\"https:\/\/schema.org\",\"@graph\":[{\"@type\":\"WebPage\",\"@id\":\"https:\/\/sciantar.com\/accountancy-assurance\/\",\"url\":\"https:\/\/sciantar.com\/accountancy-assurance\/\",\"name\":\"Contabilitate si audit - S Ciantar\",\"isPartOf\":{\"@id\":\"http:\/\/sciantar.com\/#website\"},\"datePublished\":\"2014-01-21T12:07:23+00:00\",\"breadcrumb\":{\"@id\":\"https:\/\/sciantar.com\/accountancy-assurance\/#breadcrumb\"},\"inLanguage\":\"ro-RO\",\"potentialAction\":[{\"@type\":\"ReadAction\",\"target\":[\"https:\/\/sciantar.com\/accountancy-assurance\/\"]}]},{\"@type\":\"BreadcrumbList\",\"@id\":\"https:\/\/sciantar.com\/accountancy-assurance\/#breadcrumb\",\"itemListElement\":[{\"@type\":\"ListItem\",\"position\":1,\"name\":\"Home\",\"item\":\"https:\/\/sciantar.com\/ro\/\"},{\"@type\":\"ListItem\",\"position\":2,\"name\":\"Contabilitate si audit\"}]},{\"@type\":\"WebSite\",\"@id\":\"http:\/\/sciantar.com\/#website\",\"url\":\"http:\/\/sciantar.com\/\",\"name\":\"S Ciantar\",\"description\":\"\",\"potentialAction\":[{\"@type\":\"SearchAction\",\"target\":{\"@type\":\"EntryPoint\",\"urlTemplate\":\"http:\/\/sciantar.com\/?s={search_term_string}\"},\"query-input\":{\"@type\":\"PropertyValueSpecification\",\"valueRequired\":true,\"valueName\":\"search_term_string\"}}],\"inLanguage\":\"ro-RO\"}]}<\/script>\n<!-- \/ Yoast SEO plugin. -->","yoast_head_json":{"title":"Contabilitate si audit - S Ciantar","robots":{"index":"index","follow":"follow","max-snippet":"max-snippet:-1","max-image-preview":"max-image-preview:large","max-video-preview":"max-video-preview:-1"},"canonical":"https:\/\/sciantar.com\/accountancy-assurance\/","og_locale":"ro_RO","og_type":"article","og_title":"Contabilitate si audit - S Ciantar","og_description":"Toate companiile din Malta sunt obligate s\u0103 \u00eentocmeasc\u0103 situa\u021bii financiare auditate. Firma noastra poate oferi acest serviciu pentru toate tipurile de companii. La Ciantar Associates incurajam clientii nostri pentru a vizualiza procesul de audit ca o oportunitate de a identifica [&hellip;]","og_url":"https:\/\/sciantar.com\/accountancy-assurance\/","og_site_name":"S Ciantar","twitter_misc":{"Est. reading time":"3 minutes"},"schema":{"@context":"https:\/\/schema.org","@graph":[{"@type":"WebPage","@id":"https:\/\/sciantar.com\/accountancy-assurance\/","url":"https:\/\/sciantar.com\/accountancy-assurance\/","name":"Contabilitate si audit - S Ciantar","isPartOf":{"@id":"http:\/\/sciantar.com\/#website"},"datePublished":"2014-01-21T12:07:23+00:00","breadcrumb":{"@id":"https:\/\/sciantar.com\/accountancy-assurance\/#breadcrumb"},"inLanguage":"ro-RO","potentialAction":[{"@type":"ReadAction","target":["https:\/\/sciantar.com\/accountancy-assurance\/"]}]},{"@type":"BreadcrumbList","@id":"https:\/\/sciantar.com\/accountancy-assurance\/#breadcrumb","itemListElement":[{"@type":"ListItem","position":1,"name":"Home","item":"https:\/\/sciantar.com\/ro\/"},{"@type":"ListItem","position":2,"name":"Contabilitate si audit"}]},{"@type":"WebSite","@id":"http:\/\/sciantar.com\/#website","url":"http:\/\/sciantar.com\/","name":"S Ciantar","description":"","potentialAction":[{"@type":"SearchAction","target":{"@type":"EntryPoint","urlTemplate":"http:\/\/sciantar.com\/?s={search_term_string}"},"query-input":{"@type":"PropertyValueSpecification","valueRequired":true,"valueName":"search_term_string"}}],"inLanguage":"ro-RO"}]}},"jetpack_shortlink":"https:\/\/wp.me\/Pa1oeh-cG","jetpack_sharing_enabled":true,"_links":{"self":[{"href":"https:\/\/sciantar.com\/ro\/wp-json\/wp\/v2\/pages\/786","targetHints":{"allow":["GET"]}}],"collection":[{"href":"https:\/\/sciantar.com\/ro\/wp-json\/wp\/v2\/pages"}],"about":[{"href":"https:\/\/sciantar.com\/ro\/wp-json\/wp\/v2\/types\/page"}],"author":[{"embeddable":true,"href":"https:\/\/sciantar.com\/ro\/wp-json\/wp\/v2\/users\/3"}],"replies":[{"embeddable":true,"href":"https:\/\/sciantar.com\/ro\/wp-json\/wp\/v2\/comments?post=786"}],"version-history":[{"count":0,"href":"https:\/\/sciantar.com\/ro\/wp-json\/wp\/v2\/pages\/786\/revisions"}],"wp:attachment":[{"href":"https:\/\/sciantar.com\/ro\/wp-json\/wp\/v2\/media?parent=786"}],"curies":[{"name":"wp","href":"https:\/\/api.w.org\/{rel}","templated":true}]}}