
{"id":779,"date":"2013-12-09T13:20:04","date_gmt":"2013-12-09T13:20:04","guid":{"rendered":"https:\/\/sciantar.com\/en-ro\/"},"modified":"2017-03-10T16:38:16","modified_gmt":"2017-03-10T15:38:16","slug":"en-ro-2","status":"publish","type":"page","link":"https:\/\/sciantar.com\/ro\/","title":{"rendered":"Acas\u0103"},"content":{"rendered":"<article class='grid_12 alpha omega'><section class='entry-note'><h1>Partenerul Tau Financiar care te indruma\u00a0<\/h1><p>Asistarea clientilor nostri pentru a ob\u021bine profituri mai mari din activit\u0103\u021bile lor de afaceri de a avea grija de toate problemele care nu sunt baz\u0103 de afaceri, cum ar fi respectarea, de reglementari \u0219i termenele de raportare \u00een timp util \u0219i eficient astfel \u00eenc\u00e2t s\u0103 permit\u0103 managementului s\u0103 se concentreze pe dezvoltarea afacerilor, sustinandu-i in acelasi timp prin oferirea  proiectii, costurile estimate \u0219i structuri, pentru a maximiza baza de profit.<\/p><\/section><\/article>\n<article class='grid_4 alpha'>\n                    <div class='service-box-2-container'>\n                        <div class='icon'>\n                            <i class='icon-bullhorn service-icon'><\/i>\n                        <\/div>\n                        <section class='service-box-2'>\n                            <div class='title'>\n                                <a href='https:\/\/sciantar.com\/services\/why\/'>\n                                    <h3>Why<\/h3>\n\n                                <\/a>\n                                <span>should anyone invest in Malta?<\/span>\n                            <\/div>\n                            <div class='description'>\n                                <p>Malta is an Island Archipelago made up of three main Islands and a number of other uninhabited rocky outcrops situated almost exactly in the centre...<\/p>\n                            <\/div>\n                            <div class='read-more-btn'>\n                                <a href='https:\/\/sciantar.com\/services\/why\/'>Read More<\/a>\n                                <span class='plus'>+<\/span>\n                            <\/div>\n                        <\/section>\n                    <\/div>\n                <\/article><article class='grid_4 '>\n                    <div class='service-box-2-container'>\n                        <div class='icon'>\n                            <img src='https:\/\/sciantar.com\/wp-content\/uploads\/2013\/12\/how.png' class='custom-image' alt='Image'\/>\n                        <\/div>\n                        <section class='service-box-2'>\n                            <div class='title'>\n                                <a href='https:\/\/sciantar.com\/services\/how\/'>\n                                    <h3>How<\/h3>\n\n                                <\/a>\n                                <span>can Ciantar Associates help?<\/span>\n                            <\/div>\n                            <div class='description'>\n                                <p>About Ciantar Associates\r\n\r\nCiantar Associates is a brand name incorporating a group of companies operating in the financial services industry....<\/p>\n                            <\/div>\n                            <div class='read-more-btn'>\n                                <a href='https:\/\/sciantar.com\/services\/how\/'>Read More<\/a>\n                                <span class='plus'>+<\/span>\n                            <\/div>\n                        <\/section>\n                    <\/div>\n                <\/article><article class='grid_4 omega'>\n                    <div class='service-box-2-container'>\n                        <div class='icon'>\n                            <img src='https:\/\/sciantar.com\/wp-content\/uploads\/2013\/12\/group.png' class='custom-image' alt='Image'\/>\n                        <\/div>\n                        <section class='service-box-2'>\n                            <div class='title'>\n                                <a href='https:\/\/sciantar.com\/services\/latest-news\/'>\n                                    <h3>Latest News<\/h3>\n\n                                <\/a>\n                                <span>I would like to welcome you to our new revamped...<\/span>\n                            <\/div>\n                            <div class='description'>\n                                <p>I would like to welcome you to our new revamped website. We have taken this opportunity to update our website with some of the latest legislation...<\/p>\n                            <\/div>\n                            <div class='read-more-btn'>\n                                <a href='https:\/\/sciantar.com\/services\/latest-news\/'>Read More<\/a>\n                                <span class='plus'>+<\/span>\n                            <\/div>\n                        <\/section>\n                    <\/div>\n                <\/article>\n<article class='grid_12 carousel-portfolio alpha'>\n                <section class='section-title center'><div class='title-container'>\n                        <section class='title'>\n                            <h2>Despre Malta<\/h2>\n                            <span><\/span>\n                        <\/section>\n                    <\/div><\/section><ul id='portfolio-carousel-57' class='carousel-li'><li class='portfolio-style-2'>\n                        <figure class='portfolio clearfix'>\n                            <div class='portfolio-image'>\n                                <a href='https:\/\/sciantar.com\/ro\/portfolio-item\/obtinerea-rezidentei\/'>\n                                    <img src='https:\/\/sciantar.com\/wp-content\/themes\/ciantarass\/js\/holder.js\/220x128\/auto\/text:Image Placeholder' alt='Image' width='240'\/>\n                                <\/a>\n\n\n                            <\/div>\n                            <figcaption>\n                                        <a class='title' href='https:\/\/sciantar.com\/ro\/portfolio-item\/obtinerea-rezidentei\/'>Obtinerea rezidentei<\/a>\n                                <\/figcaption>\n                        <\/figure>\n                    <\/li><li class='portfolio-style-2'>\n                        <figure class='portfolio clearfix'>\n                            <div class='portfolio-image'>\n                                <a href='https:\/\/sciantar.com\/ro\/portfolio-item\/cumpara-proprietati-in-malta\/'>\n                                    <img src='https:\/\/sciantar.com\/wp-content\/themes\/ciantarass\/js\/holder.js\/220x128\/auto\/text:Image Placeholder' alt='Image' width='240'\/>\n                                <\/a>\n\n\n                            <\/div>\n                            <figcaption>\n                                        <a class='title' href='https:\/\/sciantar.com\/ro\/portfolio-item\/cumpara-proprietati-in-malta\/'>Cumpara proprietati in Malta<\/a>\n                                <\/figcaption>\n                        <\/figure>\n                    <\/li><li class='portfolio-style-2'>\n                        <figure class='portfolio clearfix'>\n                            <div class='portfolio-image'>\n                                <a href='https:\/\/sciantar.com\/ro\/portfolio-item\/sistemul-fiscal-din-malta\/'>\n                                    <img src='https:\/\/sciantar.com\/wp-content\/themes\/ciantarass\/js\/holder.js\/220x128\/auto\/text:Image Placeholder' alt='Image' width='240'\/>\n                                <\/a>\n\n\n                            <\/div>\n                            <figcaption>\n                                        <a class='title' href='https:\/\/sciantar.com\/ro\/portfolio-item\/sistemul-fiscal-din-malta\/'>Sistemul fiscal din Malta<\/a>\n                                <\/figcaption>\n                        <\/figure>\n                    <\/li><li class='portfolio-style-2'>\n                        <figure class='portfolio clearfix'>\n                            <div class='portfolio-image'>\n                                <a href='https:\/\/sciantar.com\/ro\/portfolio-item\/ajutor-pentru-investitii\/'>\n                                    <img src='https:\/\/sciantar.com\/wp-content\/themes\/ciantarass\/js\/holder.js\/220x128\/auto\/text:Image Placeholder' alt='Image' width='240'\/>\n                                <\/a>\n\n\n                            <\/div>\n                            <figcaption>\n                                        <a class='title' href='https:\/\/sciantar.com\/ro\/portfolio-item\/ajutor-pentru-investitii\/'>Ajutor pentru investitii<\/a>\n                                <\/figcaption>\n                        <\/figure>\n                    <\/li><li class='portfolio-style-2'>\n                        <figure class='portfolio clearfix'>\n                            <div class='portfolio-image'>\n                                <a href='https:\/\/sciantar.com\/ro\/portfolio-item\/program-de-rezidenta-globala-cetateni-non-eu\/'>\n                                    <img src='https:\/\/sciantar.com\/wp-content\/uploads\/2014\/01\/rsz_global_residency_-_copy-300x223.jpg' alt='Image' width='240'\/>\n                                <\/a>\n\n\n                            <\/div>\n                            <figcaption>\n                                        <a class='title' href='https:\/\/sciantar.com\/ro\/portfolio-item\/program-de-rezidenta-globala-cetateni-non-eu\/'>Program de rezidenta globala &#8211; Cetateni Non EU<\/a>\n                                <\/figcaption>\n                        <\/figure>\n                    <\/li><li class='portfolio-style-2'>\n                        <figure class='portfolio clearfix'>\n                            <div class='portfolio-image'>\n                                <a href='https:\/\/sciantar.com\/ro\/portfolio-item\/the-high-networth-individual-scheme-eueea-swiss-nationals\/'>\n                                    <img src='https:\/\/sciantar.com\/wp-content\/themes\/ciantarass\/js\/holder.js\/220x128\/auto\/text:Image Placeholder' alt='Image' width='240'\/>\n                                <\/a>\n\n\n                            <\/div>\n                            <figcaption>\n                                        <a class='title' href='https:\/\/sciantar.com\/ro\/portfolio-item\/the-high-networth-individual-scheme-eueea-swiss-nationals\/'>The High Networth Individual Scheme &#8211; EU\/EEA \/ Swiss Nationals<\/a>\n                                <\/figcaption>\n                        <\/figure>\n                    <\/li><li class='portfolio-style-2'>\n                        <figure class='portfolio clearfix'>\n                            <div class='portfolio-image'>\n                                <a href='https:\/\/sciantar.com\/ro\/portfolio-item\/sedere-pe-termen-lung\/'>\n                                    <img src='https:\/\/sciantar.com\/wp-content\/themes\/ciantarass\/js\/holder.js\/220x128\/auto\/text:Image Placeholder' alt='Image' width='240'\/>\n                                <\/a>\n\n\n                            <\/div>\n                            <figcaption>\n                                        <a class='title' href='https:\/\/sciantar.com\/ro\/portfolio-item\/sedere-pe-termen-lung\/'>Sedere pe termen lung<\/a>\n                                <\/figcaption>\n                        <\/figure>\n                    <\/li><li class='portfolio-style-2'>\n                        <figure class='portfolio clearfix'>\n                            <div class='portfolio-image'>\n                                <a href='https:\/\/sciantar.com\/ro\/portfolio-item\/licenta-de-munca-cetateni-non-eu\/'>\n                                    <img src='https:\/\/sciantar.com\/wp-content\/themes\/ciantarass\/js\/holder.js\/220x128\/auto\/text:Image Placeholder' alt='Image' width='240'\/>\n                                <\/a>\n\n\n                            <\/div>\n                            <figcaption>\n                                        <a class='title' href='https:\/\/sciantar.com\/ro\/portfolio-item\/licenta-de-munca-cetateni-non-eu\/'>Licenta de munca &#8211; cetateni non EU<\/a>\n                                <\/figcaption>\n                        <\/figure>\n                    <\/li><li class='portfolio-style-2'>\n                        <figure class='portfolio clearfix'>\n                            <div class='portfolio-image'>\n                                <a href='https:\/\/sciantar.com\/ro\/portfolio-item\/legea-trusturilor-in-malta\/'>\n                                    <img src='https:\/\/sciantar.com\/wp-content\/uploads\/2014\/01\/rsz_trusts-300x223.jpg' alt='Image' width='240'\/>\n                                <\/a>\n\n\n                            <\/div>\n                            <figcaption>\n                                        <a class='title' href='https:\/\/sciantar.com\/ro\/portfolio-item\/legea-trusturilor-in-malta\/'>Legea Trusturilor in Malta<\/a>\n                                <\/figcaption>\n                        <\/figure>\n                    <\/li><li class='portfolio-style-2'>\n                        <figure class='portfolio clearfix'>\n                            <div class='portfolio-image'>\n                                <a href='https:\/\/sciantar.com\/ro\/portfolio-item\/fonduri-de-investitii\/'>\n                                    <img src='https:\/\/sciantar.com\/wp-content\/themes\/ciantarass\/js\/holder.js\/220x128\/auto\/text:Image Placeholder' alt='Image' width='240'\/>\n                                <\/a>\n\n\n                            <\/div>\n                            <figcaption>\n                                        <a class='title' href='https:\/\/sciantar.com\/ro\/portfolio-item\/fonduri-de-investitii\/'>Fonduri de investi\u0163ii<\/a>\n                                <\/figcaption>\n                        <\/figure>\n                    <\/li><\/ul><div class='clearfix'><\/div><div class='carousel-pagination' id='portfolio-carousel-57-pag'><\/div><\/article><script>\n                jQuery(function($){\n                    $('#portfolio-carousel-57').carouFredSel({\n                            auto: false,\n                            scroll: 1,\n                            pagination: '#portfolio-carousel-57-pag',\n                            swipe: {\n                                ontouch: true,\n                                onMouse: true\n                            },\n                            width: 'variable',\n                            height: 'variable',\n                            items: {\n                                width: 'auto',\n                                visible: 4\n                            }\n                    });\n                });\n             <\/script>\n<article class='grid_12 latest-blog-posts '>\n                <section class='section-title center'>\n                    <div class='title-container'>\n                        <section class='title'>\n                            <h2>Stiri Recente<\/h2>\n                            <span><\/span>\n                        <\/section>\n                    <\/div>\n                <\/section>\n                <article class='grid_6 alpha'>\n                                <section class='post-info'>\n                                    \n                                    <div class='comments'>\n                            <a href='https:\/\/sciantar.com\/ro\/newsletters-2\/proprietate-intelectuala-in-malta\/'>No Comments<\/a>\n                        <\/div>\n                                <\/section>\n\n                                <section class='post-body'>\n                                    <div class='post-meta'>\n\n\n                                        <div class='title-date'>\n                                            <a href='https:\/\/sciantar.com\/ro\/newsletters-2\/proprietate-intelectuala-in-malta\/'>\n                                                <h6>Proprietate intelectuala in Malta<\/h6>\n                                            <\/a>\n                                            <span class='date'>Iunie 12, 2014<\/span>\n                                        <\/div>\n                                    <\/div>\n\n                                    <p>Malta mi-a fost descris\u0103 de unii dintre clien\u021bii mei ca un secret foarte bine pastrat. \u00cen timp ce eu nu sunt sigur c\u0103 acesta este un lucru bun pentru noi, este adev\u0103rat c\u0103 sistemul nostru de impozitare ofer\u0103 o multitudine<a href='https:\/\/sciantar.com\/ro\/newsletters-2\/proprietate-intelectuala-in-malta\/' class='read-more'> [&hellip;]<\/a><\/p>\n\n                                    <div class='read-more-btn'>\n                            <a href='https:\/\/sciantar.com\/ro\/newsletters-2\/proprietate-intelectuala-in-malta\/'>Read More<\/a>\n                            <span class='plus'>+<\/span>\n                        <\/div>\n                                <\/section>\n                            <\/article>\n            <\/article>\n","protected":false},"excerpt":{"rendered":"","protected":false},"author":1,"featured_media":0,"parent":0,"menu_order":0,"comment_status":"open","ping_status":"open","template":"","meta":{"footnotes":""},"class_list":["post-779","page","type-page","status-publish","hentry"],"yoast_head":"<!-- This site is optimized with the Yoast SEO plugin v27.0 - https:\/\/yoast.com\/product\/yoast-seo-wordpress\/ -->\n<title>Acas\u0103 - S Ciantar<\/title>\n<meta name=\"robots\" content=\"index, follow, max-snippet:-1, max-image-preview:large, max-video-preview:-1\" \/>\n<link rel=\"canonical\" href=\"https:\/\/sciantar.com\/\" \/>\n<meta property=\"og:locale\" content=\"ro_RO\" \/>\n<meta property=\"og:type\" content=\"article\" \/>\n<meta property=\"og:title\" content=\"Acas\u0103 - S Ciantar\" \/>\n<meta property=\"og:url\" content=\"https:\/\/sciantar.com\/\" \/>\n<meta property=\"og:site_name\" content=\"S Ciantar\" \/>\n<meta property=\"article:modified_time\" content=\"2017-03-10T15:38:16+00:00\" \/>\n<meta name=\"twitter:label1\" content=\"Est. reading time\" \/>\n\t<meta name=\"twitter:data1\" content=\"1 minute\" \/>\n<script type=\"application\/ld+json\" class=\"yoast-schema-graph\">{\"@context\":\"https:\/\/schema.org\",\"@graph\":[{\"@type\":\"WebPage\",\"@id\":\"https:\/\/sciantar.com\/\",\"url\":\"https:\/\/sciantar.com\/\",\"name\":\"Acas\u0103 - S Ciantar\",\"isPartOf\":{\"@id\":\"https:\/\/sciantar.com\/#website\"},\"datePublished\":\"2013-12-09T13:20:04+00:00\",\"dateModified\":\"2017-03-10T15:38:16+00:00\",\"breadcrumb\":{\"@id\":\"https:\/\/sciantar.com\/#breadcrumb\"},\"inLanguage\":\"ro-RO\",\"potentialAction\":[{\"@type\":\"ReadAction\",\"target\":[\"https:\/\/sciantar.com\/\"]}]},{\"@type\":\"BreadcrumbList\",\"@id\":\"https:\/\/sciantar.com\/#breadcrumb\",\"itemListElement\":[{\"@type\":\"ListItem\",\"position\":1,\"name\":\"Home\",\"item\":\"https:\/\/sciantar.com\/\"},{\"@type\":\"ListItem\",\"position\":2,\"name\":\"Acas\u0103\"}]},{\"@type\":\"WebSite\",\"@id\":\"https:\/\/sciantar.com\/#website\",\"url\":\"https:\/\/sciantar.com\/\",\"name\":\"S Ciantar\",\"description\":\"\",\"potentialAction\":[{\"@type\":\"SearchAction\",\"target\":{\"@type\":\"EntryPoint\",\"urlTemplate\":\"https:\/\/sciantar.com\/?s={search_term_string}\"},\"query-input\":{\"@type\":\"PropertyValueSpecification\",\"valueRequired\":true,\"valueName\":\"search_term_string\"}}],\"inLanguage\":\"ro-RO\"}]}<\/script>\n<!-- \/ Yoast SEO plugin. -->","yoast_head_json":{"title":"Acas\u0103 - S Ciantar","robots":{"index":"index","follow":"follow","max-snippet":"max-snippet:-1","max-image-preview":"max-image-preview:large","max-video-preview":"max-video-preview:-1"},"canonical":"https:\/\/sciantar.com\/","og_locale":"ro_RO","og_type":"article","og_title":"Acas\u0103 - S Ciantar","og_url":"https:\/\/sciantar.com\/","og_site_name":"S Ciantar","article_modified_time":"2017-03-10T15:38:16+00:00","twitter_misc":{"Est. reading time":"1 minute"},"schema":{"@context":"https:\/\/schema.org","@graph":[{"@type":"WebPage","@id":"https:\/\/sciantar.com\/","url":"https:\/\/sciantar.com\/","name":"Acas\u0103 - S Ciantar","isPartOf":{"@id":"https:\/\/sciantar.com\/#website"},"datePublished":"2013-12-09T13:20:04+00:00","dateModified":"2017-03-10T15:38:16+00:00","breadcrumb":{"@id":"https:\/\/sciantar.com\/#breadcrumb"},"inLanguage":"ro-RO","potentialAction":[{"@type":"ReadAction","target":["https:\/\/sciantar.com\/"]}]},{"@type":"BreadcrumbList","@id":"https:\/\/sciantar.com\/#breadcrumb","itemListElement":[{"@type":"ListItem","position":1,"name":"Home","item":"https:\/\/sciantar.com\/"},{"@type":"ListItem","position":2,"name":"Acas\u0103"}]},{"@type":"WebSite","@id":"https:\/\/sciantar.com\/#website","url":"https:\/\/sciantar.com\/","name":"S Ciantar","description":"","potentialAction":[{"@type":"SearchAction","target":{"@type":"EntryPoint","urlTemplate":"https:\/\/sciantar.com\/?s={search_term_string}"},"query-input":{"@type":"PropertyValueSpecification","valueRequired":true,"valueName":"search_term_string"}}],"inLanguage":"ro-RO"}]}},"jetpack_shortlink":"https:\/\/wp.me\/Pa1oeh-cz","jetpack_sharing_enabled":true,"_links":{"self":[{"href":"https:\/\/sciantar.com\/ro\/wp-json\/wp\/v2\/pages\/779","targetHints":{"allow":["GET"]}}],"collection":[{"href":"https:\/\/sciantar.com\/ro\/wp-json\/wp\/v2\/pages"}],"about":[{"href":"https:\/\/sciantar.com\/ro\/wp-json\/wp\/v2\/types\/page"}],"author":[{"embeddable":true,"href":"https:\/\/sciantar.com\/ro\/wp-json\/wp\/v2\/users\/1"}],"replies":[{"embeddable":true,"href":"https:\/\/sciantar.com\/ro\/wp-json\/wp\/v2\/comments?post=779"}],"version-history":[{"count":1,"href":"https:\/\/sciantar.com\/ro\/wp-json\/wp\/v2\/pages\/779\/revisions"}],"predecessor-version":[{"id":819,"href":"https:\/\/sciantar.com\/ro\/wp-json\/wp\/v2\/pages\/779\/revisions\/819"}],"wp:attachment":[{"href":"https:\/\/sciantar.com\/ro\/wp-json\/wp\/v2\/media?parent=779"}],"curies":[{"name":"wp","href":"https:\/\/api.w.org\/{rel}","templated":true}]}}