
{"id":775,"date":"2013-12-09T12:59:16","date_gmt":"2013-12-09T12:59:16","guid":{"rendered":"https:\/\/sciantar.com\/garantia-noastra\/"},"modified":"2013-12-09T12:59:16","modified_gmt":"2013-12-09T12:59:16","slug":"garantia-noastra","status":"publish","type":"page","link":"https:\/\/sciantar.com\/ro\/garantia-noastra\/","title":{"rendered":"Garantia noastra"},"content":{"rendered":"<p>Va garantam ca toti clientii nostri sunt trata\u0163i \u00een orice moment, ca un partener al firmei. Toat\u0103 coresponden\u021ba va fi, de asemenea, \u00een mod direct, cu acelasi partener.<\/p>\n<p>C\u0103ut\u0103m s\u0103 asigur\u0103m confiden\u021bialitatea strict\u0103 \u00een orice moment. Toat\u0103 coresponden\u021ba trimis\u0103 electronic va avea r\u0103spuns \u00een termen de maximum dou\u0103 zile lucr\u0103toare, asigur\u00e2ndu-se astfel un nivel ridicat de servicii \u00eentr-un interval de timp foarte scurt.<\/p>\n","protected":false},"excerpt":{"rendered":"<p>Va garantam ca toti clientii nostri sunt trata\u0163i \u00een orice moment, ca un partener al firmei. Toat\u0103 coresponden\u021ba va fi, de asemenea, \u00een mod direct, cu acelasi partener. C\u0103ut\u0103m s\u0103 asigur\u0103m confiden\u021bialitatea strict\u0103 \u00een orice moment. Toat\u0103 coresponden\u021ba trimis\u0103 electronic<a href='https:\/\/sciantar.com\/ro\/garantia-noastra\/' class='read-more'> [&hellip;]<\/a><\/p>\n","protected":false},"author":1,"featured_media":0,"parent":0,"menu_order":0,"comment_status":"open","ping_status":"open","template":"","meta":{"footnotes":""},"class_list":["post-775","page","type-page","status-publish","hentry"],"yoast_head":"<!-- This site is optimized with the Yoast SEO plugin v27.0 - https:\/\/yoast.com\/product\/yoast-seo-wordpress\/ -->\n<title>Garantia noastra - S Ciantar<\/title>\n<meta name=\"robots\" content=\"index, follow, max-snippet:-1, max-image-preview:large, max-video-preview:-1\" \/>\n<link rel=\"canonical\" href=\"https:\/\/sciantar.com\/guarantee\/\" \/>\n<meta property=\"og:locale\" content=\"ro_RO\" \/>\n<meta property=\"og:type\" content=\"article\" \/>\n<meta property=\"og:title\" content=\"Garantia noastra - S Ciantar\" \/>\n<meta property=\"og:description\" content=\"Va garantam ca toti clientii nostri sunt trata\u0163i \u00een orice moment, ca un partener al firmei. Toat\u0103 coresponden\u021ba va fi, de asemenea, \u00een mod direct, cu acelasi partener. C\u0103ut\u0103m s\u0103 asigur\u0103m confiden\u021bialitatea strict\u0103 \u00een orice moment. Toat\u0103 coresponden\u021ba trimis\u0103 electronic [&hellip;]\" \/>\n<meta property=\"og:url\" content=\"https:\/\/sciantar.com\/guarantee\/\" \/>\n<meta property=\"og:site_name\" content=\"S Ciantar\" \/>\n<script type=\"application\/ld+json\" class=\"yoast-schema-graph\">{\"@context\":\"https:\/\/schema.org\",\"@graph\":[{\"@type\":\"WebPage\",\"@id\":\"https:\/\/sciantar.com\/guarantee\/\",\"url\":\"https:\/\/sciantar.com\/guarantee\/\",\"name\":\"Garantia noastra - S Ciantar\",\"isPartOf\":{\"@id\":\"https:\/\/sciantar.com\/#website\"},\"datePublished\":\"2013-12-09T12:59:16+00:00\",\"breadcrumb\":{\"@id\":\"https:\/\/sciantar.com\/guarantee\/#breadcrumb\"},\"inLanguage\":\"ro-RO\",\"potentialAction\":[{\"@type\":\"ReadAction\",\"target\":[\"https:\/\/sciantar.com\/guarantee\/\"]}]},{\"@type\":\"BreadcrumbList\",\"@id\":\"https:\/\/sciantar.com\/guarantee\/#breadcrumb\",\"itemListElement\":[{\"@type\":\"ListItem\",\"position\":1,\"name\":\"Home\",\"item\":\"https:\/\/sciantar.com\/\"},{\"@type\":\"ListItem\",\"position\":2,\"name\":\"Garantia noastra\"}]},{\"@type\":\"WebSite\",\"@id\":\"https:\/\/sciantar.com\/#website\",\"url\":\"https:\/\/sciantar.com\/\",\"name\":\"S Ciantar\",\"description\":\"\",\"potentialAction\":[{\"@type\":\"SearchAction\",\"target\":{\"@type\":\"EntryPoint\",\"urlTemplate\":\"https:\/\/sciantar.com\/?s={search_term_string}\"},\"query-input\":{\"@type\":\"PropertyValueSpecification\",\"valueRequired\":true,\"valueName\":\"search_term_string\"}}],\"inLanguage\":\"ro-RO\"}]}<\/script>\n<!-- \/ Yoast SEO plugin. -->","yoast_head_json":{"title":"Garantia noastra - S Ciantar","robots":{"index":"index","follow":"follow","max-snippet":"max-snippet:-1","max-image-preview":"max-image-preview:large","max-video-preview":"max-video-preview:-1"},"canonical":"https:\/\/sciantar.com\/guarantee\/","og_locale":"ro_RO","og_type":"article","og_title":"Garantia noastra - S Ciantar","og_description":"Va garantam ca toti clientii nostri sunt trata\u0163i \u00een orice moment, ca un partener al firmei. Toat\u0103 coresponden\u021ba va fi, de asemenea, \u00een mod direct, cu acelasi partener. C\u0103ut\u0103m s\u0103 asigur\u0103m confiden\u021bialitatea strict\u0103 \u00een orice moment. Toat\u0103 coresponden\u021ba trimis\u0103 electronic [&hellip;]","og_url":"https:\/\/sciantar.com\/guarantee\/","og_site_name":"S Ciantar","schema":{"@context":"https:\/\/schema.org","@graph":[{"@type":"WebPage","@id":"https:\/\/sciantar.com\/guarantee\/","url":"https:\/\/sciantar.com\/guarantee\/","name":"Garantia noastra - S Ciantar","isPartOf":{"@id":"https:\/\/sciantar.com\/#website"},"datePublished":"2013-12-09T12:59:16+00:00","breadcrumb":{"@id":"https:\/\/sciantar.com\/guarantee\/#breadcrumb"},"inLanguage":"ro-RO","potentialAction":[{"@type":"ReadAction","target":["https:\/\/sciantar.com\/guarantee\/"]}]},{"@type":"BreadcrumbList","@id":"https:\/\/sciantar.com\/guarantee\/#breadcrumb","itemListElement":[{"@type":"ListItem","position":1,"name":"Home","item":"https:\/\/sciantar.com\/"},{"@type":"ListItem","position":2,"name":"Garantia noastra"}]},{"@type":"WebSite","@id":"https:\/\/sciantar.com\/#website","url":"https:\/\/sciantar.com\/","name":"S Ciantar","description":"","potentialAction":[{"@type":"SearchAction","target":{"@type":"EntryPoint","urlTemplate":"https:\/\/sciantar.com\/?s={search_term_string}"},"query-input":{"@type":"PropertyValueSpecification","valueRequired":true,"valueName":"search_term_string"}}],"inLanguage":"ro-RO"}]}},"jetpack_shortlink":"https:\/\/wp.me\/Pa1oeh-cv","jetpack_sharing_enabled":true,"_links":{"self":[{"href":"https:\/\/sciantar.com\/ro\/wp-json\/wp\/v2\/pages\/775","targetHints":{"allow":["GET"]}}],"collection":[{"href":"https:\/\/sciantar.com\/ro\/wp-json\/wp\/v2\/pages"}],"about":[{"href":"https:\/\/sciantar.com\/ro\/wp-json\/wp\/v2\/types\/page"}],"author":[{"embeddable":true,"href":"https:\/\/sciantar.com\/ro\/wp-json\/wp\/v2\/users\/1"}],"replies":[{"embeddable":true,"href":"https:\/\/sciantar.com\/ro\/wp-json\/wp\/v2\/comments?post=775"}],"version-history":[{"count":0,"href":"https:\/\/sciantar.com\/ro\/wp-json\/wp\/v2\/pages\/775\/revisions"}],"wp:attachment":[{"href":"https:\/\/sciantar.com\/ro\/wp-json\/wp\/v2\/media?parent=775"}],"curies":[{"name":"wp","href":"https:\/\/api.w.org\/{rel}","templated":true}]}}