
{"id":773,"date":"2013-12-09T12:58:45","date_gmt":"2013-12-09T12:58:45","guid":{"rendered":"https:\/\/sciantar.com\/despre-noi\/"},"modified":"2013-12-09T12:58:45","modified_gmt":"2013-12-09T12:58:45","slug":"despre-noi","status":"publish","type":"page","link":"https:\/\/sciantar.com\/ro\/despre-noi\/","title":{"rendered":"Despre noi"},"content":{"rendered":"<p style=\"text-align: justify;\"><span style=\"line-height: 1.5em;\">Orice afacere, mai mica sau mai mare, aflata la inceput sau in plina activitate, implica pe partea financiar &#8211; contabila sa apeleze la serviciile unei\u00a0firme de servicii profesionale care furnizeaza servicii in cinci domenii: audit, servicii fiscale, consultanta, servicii de evaluare a riscului si consultanta financiarasau sa isi organizeze propriul departament financiar-contabil, deci sa angajeze persoane cu pregatirea si experienta corespunzatoare.\u00a0<\/span><\/p>\n<p>Diferenta dintre cele doua categorii este foarte mare atat din punct de vedere financiar cat si al comfortului. Angajarea unei persoane calificate presupune eforturi mari in a gasi o persoana competenta cat si costuri ridicate, stiind ca taxele cu asigurarile sociale sunt mari cat si salariul unei persoane calificate.<br \/>\nO\u00a0firma de servicii profesionale care furnizeaza servicii in cinci domenii: audit, servicii fiscale, consultanta, servicii de evaluare a riscului si consultanta financiara,\u00a0pe langa faptul ca aduna la un loc un numar de persoane calificate are si avantajul de a oferi tarife mici, are si avantajul de a-si optimiza costurile prin numarul mare de de firme aflate sub contract.<br \/>\nVa invitam sa beneficiati de serviciile, indrumarile si competentele colectivului nostru.<\/p>\n<p>Ciantar Associates este \u00een primul r\u00e2nd o firm\u0103 de contabilitate \u0219i de audit cu sediul \u00een Malta\u00a0; vizeaz\u0103 ac\u021bionarilor nereziden\u021bi \u0219i investitorilor s\u0103 fie utilizatori in\u00a0 Malta, ca parte a structurilor interna\u021bionale sau pentru utilizarea Malta ca o poart\u0103 de acces \u00een Uniunea European\u0103\u0219i Africa de Nord.<\/p>\n<p>Echipa noastra, condusa de domnul Simon Ciantar, este\u00a0formata din persoane autorizate ca\u00a0experti contabili, auditori financiari si consultanti fiscali. Avem experienta in domeniul fiscal\u00a0dobandita in principal in cadrul Finantelor Publice\u00a0 sau in alte societati de profil. Putem sustine cu toata convingerea ca echipa Sciantar Associates poate rezolva orice problema de audit financiar sau consultanta fiscala, deoarece lucram dupa standarde profesionale si suntem recunoscuti in domeniu.<\/p>\n<p>Obiectivul echipei Sciantar Associates este de a oferi clientilor sai suport in optimizarea afacerii si de a-i proteja in raport cu riscurile in afaceri. Serviciile noastre aduc valoare clientilor nostri, iar clientii nostri dau recunoastere valorii noastre.<\/p>\n<p>Ciantar Associates (fosta V.Mercieca &#038; Co), au avut afaceri \u00eencep\u00e2nd din 1985 si de-a lungul acestor ani s-a vazut ca a inceput sa creasc\u0103\u00a0 centru financiar de reputa\u021bie in Malta.\u00a0Suntem m\u00e2ndri c\u0103 am contribuit la acest lucru prin a oferi cele mai bune servicii clientilor nostri de-a lungul tuturor acestor ani.Suntem licen\u021bia\u021bi de c\u0103tre Institutul Contabililor Malta precum si de c\u0103tre Malta Financial Services Authority (MFSA).De asemenea, facem parte dintr-o serie de re\u021bele interna\u021bionale, inclusiv AGN International LTD<\/p>\n<p>Noi am cautat si avem soluti pt o varietate de de firme si te putem asista in formarea companiei din Malta, detalii despre banci si facilitati ,selectii de personal,controluri de cost si audituri manageriale.<\/p>\n<p>Ne m\u00e2ndrim \u00een oferirea clien\u021bilor no\u0219tri aten\u021bie personalizat\u0103, crearea unui mediu prin care ei sa se simta in siguranta de a face afaceri cu noi in Malta.<\/p>\n<p>Noi suntem situati \u00een centrul comercial al insulei.\u00a0Biroul nostru este la doar dou\u0103zeci de minute de aeroportul na\u021bional \u0219i cinci minute de centrul turistic din Malta, cu unele dintre cele mai bune hoteluri de pe insula.<\/p>\n<p>V\u0103 rug\u0103m s\u0103 nu ezita\u021bi s\u0103 ne contacta\u021bi, \u0219i a\u0219teptam cu ner\u0103bdare s\u0103 fim partenerul t\u0103u financiar, pentru a v\u0103 ghida spre direc\u021bia cea bun\u0103 \u00een activit\u0103\u021bile de afaceri.<\/p>\n<p>Echipa Sciantar Associates vine in intampinarea clientilor sai, oferindu-le solutii optime si sfaturi obiective la cele mai inalte standarde profesionale, in vederea controlarii costurilor, cresterii eficientei, evaluarii si definirii unor oportunitati care vor conduce la sporirea succesului companiei.<\/p>\n<p>Sciantar Associates se bucura de o echipa dinamica, proactiva, profesionista si implicata in directia satisfacerii eficiente a oricaror nevoi economice, financiare si fiscale.<\/p>\n<p>Sciantar Associates isi continua drumul catre succes gratie viziunii clare, principiilor si valorilor bine definite si mai ales datorita oamenilor din cadrul companiei, auditori si economisti cu o vasta experienta in domeniul auditului. Integritatea, profesionalismul, confidentialitatea, responsabilitatea si implicarea sunt valorile care definesc echipa Sciantar Associates. Daca doriti parteneri de incredere pe termen lung, care sa va sprijine si sa va indrume in bunul demers al afacerii dumneavoastra, atunci echipa Sciantar Associates este cea mai potrivita alegere.<\/p>\n<p style=\"text-align: justify;\">\n","protected":false},"excerpt":{"rendered":"<p>Orice afacere, mai mica sau mai mare, aflata la inceput sau in plina activitate, implica pe partea financiar &#8211; contabila sa apeleze la serviciile unei\u00a0firme de servicii profesionale care furnizeaza servicii in cinci domenii: audit, servicii fiscale, consultanta, servicii de<a href='https:\/\/sciantar.com\/ro\/despre-noi\/' class='read-more'> [&hellip;]<\/a><\/p>\n","protected":false},"author":1,"featured_media":0,"parent":0,"menu_order":0,"comment_status":"open","ping_status":"open","template":"","meta":{"footnotes":""},"class_list":["post-773","page","type-page","status-publish","hentry"],"yoast_head":"<!-- This site is optimized with the Yoast SEO plugin v27.0 - https:\/\/yoast.com\/product\/yoast-seo-wordpress\/ -->\n<title>Despre noi - S Ciantar<\/title>\n<meta name=\"robots\" content=\"index, follow, max-snippet:-1, max-image-preview:large, max-video-preview:-1\" \/>\n<link rel=\"canonical\" href=\"https:\/\/sciantar.com\/the-firm-2\/\" \/>\n<meta property=\"og:locale\" content=\"ro_RO\" \/>\n<meta property=\"og:type\" content=\"article\" \/>\n<meta property=\"og:title\" content=\"Despre noi - S Ciantar\" \/>\n<meta property=\"og:description\" content=\"Orice afacere, mai mica sau mai mare, aflata la inceput sau in plina activitate, implica pe partea financiar &#8211; contabila sa apeleze la serviciile unei\u00a0firme de servicii profesionale care furnizeaza servicii in cinci domenii: audit, servicii fiscale, consultanta, servicii de [&hellip;]\" \/>\n<meta property=\"og:url\" content=\"https:\/\/sciantar.com\/the-firm-2\/\" \/>\n<meta property=\"og:site_name\" content=\"S Ciantar\" \/>\n<meta name=\"twitter:label1\" content=\"Est. reading time\" \/>\n\t<meta name=\"twitter:data1\" content=\"4 minutes\" \/>\n<script type=\"application\/ld+json\" class=\"yoast-schema-graph\">{\"@context\":\"https:\/\/schema.org\",\"@graph\":[{\"@type\":\"WebPage\",\"@id\":\"https:\/\/sciantar.com\/the-firm-2\/\",\"url\":\"https:\/\/sciantar.com\/the-firm-2\/\",\"name\":\"Despre noi - S Ciantar\",\"isPartOf\":{\"@id\":\"http:\/\/sciantar.com\/#website\"},\"datePublished\":\"2013-12-09T12:58:45+00:00\",\"breadcrumb\":{\"@id\":\"https:\/\/sciantar.com\/the-firm-2\/#breadcrumb\"},\"inLanguage\":\"ro-RO\",\"potentialAction\":[{\"@type\":\"ReadAction\",\"target\":[\"https:\/\/sciantar.com\/the-firm-2\/\"]}]},{\"@type\":\"BreadcrumbList\",\"@id\":\"https:\/\/sciantar.com\/the-firm-2\/#breadcrumb\",\"itemListElement\":[{\"@type\":\"ListItem\",\"position\":1,\"name\":\"Home\",\"item\":\"https:\/\/sciantar.com\/ro\/\"},{\"@type\":\"ListItem\",\"position\":2,\"name\":\"Despre noi\"}]},{\"@type\":\"WebSite\",\"@id\":\"http:\/\/sciantar.com\/#website\",\"url\":\"http:\/\/sciantar.com\/\",\"name\":\"S Ciantar\",\"description\":\"\",\"potentialAction\":[{\"@type\":\"SearchAction\",\"target\":{\"@type\":\"EntryPoint\",\"urlTemplate\":\"http:\/\/sciantar.com\/?s={search_term_string}\"},\"query-input\":{\"@type\":\"PropertyValueSpecification\",\"valueRequired\":true,\"valueName\":\"search_term_string\"}}],\"inLanguage\":\"ro-RO\"}]}<\/script>\n<!-- \/ Yoast SEO plugin. -->","yoast_head_json":{"title":"Despre noi - S Ciantar","robots":{"index":"index","follow":"follow","max-snippet":"max-snippet:-1","max-image-preview":"max-image-preview:large","max-video-preview":"max-video-preview:-1"},"canonical":"https:\/\/sciantar.com\/the-firm-2\/","og_locale":"ro_RO","og_type":"article","og_title":"Despre noi - S Ciantar","og_description":"Orice afacere, mai mica sau mai mare, aflata la inceput sau in plina activitate, implica pe partea financiar &#8211; contabila sa apeleze la serviciile unei\u00a0firme de servicii profesionale care furnizeaza servicii in cinci domenii: audit, servicii fiscale, consultanta, servicii de [&hellip;]","og_url":"https:\/\/sciantar.com\/the-firm-2\/","og_site_name":"S Ciantar","twitter_misc":{"Est. reading time":"4 minutes"},"schema":{"@context":"https:\/\/schema.org","@graph":[{"@type":"WebPage","@id":"https:\/\/sciantar.com\/the-firm-2\/","url":"https:\/\/sciantar.com\/the-firm-2\/","name":"Despre noi - S Ciantar","isPartOf":{"@id":"http:\/\/sciantar.com\/#website"},"datePublished":"2013-12-09T12:58:45+00:00","breadcrumb":{"@id":"https:\/\/sciantar.com\/the-firm-2\/#breadcrumb"},"inLanguage":"ro-RO","potentialAction":[{"@type":"ReadAction","target":["https:\/\/sciantar.com\/the-firm-2\/"]}]},{"@type":"BreadcrumbList","@id":"https:\/\/sciantar.com\/the-firm-2\/#breadcrumb","itemListElement":[{"@type":"ListItem","position":1,"name":"Home","item":"https:\/\/sciantar.com\/ro\/"},{"@type":"ListItem","position":2,"name":"Despre noi"}]},{"@type":"WebSite","@id":"http:\/\/sciantar.com\/#website","url":"http:\/\/sciantar.com\/","name":"S Ciantar","description":"","potentialAction":[{"@type":"SearchAction","target":{"@type":"EntryPoint","urlTemplate":"http:\/\/sciantar.com\/?s={search_term_string}"},"query-input":{"@type":"PropertyValueSpecification","valueRequired":true,"valueName":"search_term_string"}}],"inLanguage":"ro-RO"}]}},"jetpack_shortlink":"https:\/\/wp.me\/Pa1oeh-ct","jetpack_sharing_enabled":true,"_links":{"self":[{"href":"https:\/\/sciantar.com\/ro\/wp-json\/wp\/v2\/pages\/773","targetHints":{"allow":["GET"]}}],"collection":[{"href":"https:\/\/sciantar.com\/ro\/wp-json\/wp\/v2\/pages"}],"about":[{"href":"https:\/\/sciantar.com\/ro\/wp-json\/wp\/v2\/types\/page"}],"author":[{"embeddable":true,"href":"https:\/\/sciantar.com\/ro\/wp-json\/wp\/v2\/users\/1"}],"replies":[{"embeddable":true,"href":"https:\/\/sciantar.com\/ro\/wp-json\/wp\/v2\/comments?post=773"}],"version-history":[{"count":0,"href":"https:\/\/sciantar.com\/ro\/wp-json\/wp\/v2\/pages\/773\/revisions"}],"wp:attachment":[{"href":"https:\/\/sciantar.com\/ro\/wp-json\/wp\/v2\/media?parent=773"}],"curies":[{"name":"wp","href":"https:\/\/api.w.org\/{rel}","templated":true}]}}